{"id":20,"date":"2025-12-11T10:52:20","date_gmt":"2025-12-11T10:52:20","guid":{"rendered":"https:\/\/atyourpacepsy.com\/index.php\/danse-therapie\/"},"modified":"2026-01-25T17:22:50","modified_gmt":"2026-01-25T17:22:50","slug":"danse-therapie","status":"publish","type":"page","link":"https:\/\/atyourpacepsy.com\/index.php\/danse-therapie\/","title":{"rendered":"Danse-Th\u00e9rapie"},"content":{"rendered":"\t\t<div data-elementor-type=\"wp-page\" data-elementor-id=\"20\" class=\"elementor elementor-20\" data-elementor-post-type=\"page\">\n\t\t\t\t<div class=\"elementor-element elementor-element-25cb939e e-flex e-con-boxed e-con e-parent\" data-id=\"25cb939e\" data-element_type=\"container\">\n\t\t\t\t\t<div class=\"e-con-inner\">\n\t\t\t\t<div class=\"elementor-element elementor-element-7ad85e72 elementor-widget elementor-widget-heading\" data-id=\"7ad85e72\" data-element_type=\"widget\" data-widget_type=\"heading.default\">\n\t\t\t\t\t<h2 class=\"elementor-heading-title elementor-size-default\">Danse-th\u00e9rapie<\/h2>\t\t\t\t<\/div>\n\t\t\t\t<div class=\"elementor-element elementor-element-587fb4a0 elementor-widget elementor-widget-text-editor\" data-id=\"587fb4a0\" data-element_type=\"widget\" data-widget_type=\"text-editor.default\">\n\t\t\t\t\t\t\t\t\t<p data-start=\"159\" data-end=\"422\">La <strong data-start=\"162\" data-end=\"180\">danse-th\u00e9rapie<\/strong> (Dance Movement Therapy) est une pratique qui relie <strong data-start=\"208\" data-end=\"240\">corps, \u00e9motions et mouvement<\/strong>.<br data-start=\"241\" data-end=\"244\" \/>Elle repose sur l\u2019id\u00e9e que le corps garde la m\u00e9moire de nos exp\u00e9riences \u2014 joies, peurs, souvenirs \u2014 et que le mouvement peut devenir un <strong data-start=\"380\" data-end=\"419\">langage expressif et transformateur<\/strong>.<\/p><p data-start=\"424\" data-end=\"695\">Il ne s\u2019agit pas de \u201csavoir danser\u201d ou de performer, mais de <strong data-start=\"485\" data-end=\"516\">\u00e9couter la sagesse du corps<\/strong> et de laisser le mouvement exprimer ce qui a besoin d\u2019\u00eatre v\u00e9cu.<br data-start=\"581\" data-end=\"584\" \/>\u00c0 travers le mouvement guid\u00e9, la pleine conscience et la conscience corporelle, la danse-th\u00e9rapie permet de :<\/p><ul data-start=\"696\" data-end=\"950\"><li data-start=\"696\" data-end=\"754\"><p data-start=\"698\" data-end=\"754\">rel\u00e2cher les <strong data-start=\"711\" data-end=\"750\">tensions physiques et \u00e9motionnelles<\/strong> ;<\/p><\/li><li data-start=\"755\" data-end=\"827\"><p data-start=\"757\" data-end=\"827\">se reconnecter \u00e0 son <strong data-start=\"778\" data-end=\"797\">soi authentique<\/strong> et \u00e0 son rythme int\u00e9rieur ;<\/p><\/li><li data-start=\"828\" data-end=\"882\"><p data-start=\"830\" data-end=\"882\">retrouver un <strong data-start=\"843\" data-end=\"878\">\u00e9quilibre entre corps et esprit<\/strong> ;<\/p><\/li><li data-start=\"883\" data-end=\"950\"><p data-start=\"885\" data-end=\"950\">explorer ses <strong data-start=\"898\" data-end=\"947\">\u00e9motions de mani\u00e8re cr\u00e9ative et bienveillante<\/strong>.<\/p><\/li><\/ul><p data-start=\"952\" data-end=\"1186\">Chaque atelier offre un <strong data-start=\"976\" data-end=\"1005\">espace s\u00fbr et non-jugeant<\/strong>, o\u00f9 le mouvement, la respiration et l\u2019attention consciente se rencontrent.<br data-start=\"1080\" data-end=\"1083\" \/>La parole peut parfois accompagner le processus, mais le corps reste le principal canal d\u2019expression.<\/p><p data-start=\"1188\" data-end=\"1276\">Les s\u00e9ances de <strong data-start=\"1203\" data-end=\"1213\">groupe<\/strong> durent <strong data-start=\"1221\" data-end=\"1229\">1h30<\/strong> et s\u2019adressent \u00e0 toute personne souhaitant :<\/p><ul data-start=\"1277\" data-end=\"1464\"><li data-start=\"1277\" data-end=\"1331\"><p data-start=\"1279\" data-end=\"1331\">se reconnecter \u00e0 son <strong data-start=\"1300\" data-end=\"1327\">corps et \u00e0 ses \u00e9motions<\/strong> ;<\/p><\/li><li data-start=\"1332\" data-end=\"1389\"><p data-start=\"1334\" data-end=\"1389\">traverser <strong data-start=\"1344\" data-end=\"1378\">stress, fatigue ou transitions<\/strong> de vie ;<\/p><\/li><li data-start=\"1390\" data-end=\"1464\"><p data-start=\"1392\" data-end=\"1464\">nourrir sa <strong data-start=\"1403\" data-end=\"1417\">cr\u00e9ativit\u00e9<\/strong> et son <strong data-start=\"1425\" data-end=\"1438\">bien-\u00eatre<\/strong> \u00e0 travers le mouvement.<\/p><\/li><\/ul><p data-start=\"1466\" data-end=\"1743\">Aucune exp\u00e9rience en danse n\u2019est n\u00e9cessaire \u2014 seule importe <strong data-start=\"1526\" data-end=\"1584\">la volont\u00e9 de bouger, de ressentir et d\u2019\u00eatre pr\u00e9sent\u00b7e<\/strong>.<br data-start=\"1585\" data-end=\"1588\" \/>Chaque rencontre est une invitation \u00e0 <strong data-start=\"1626\" data-end=\"1657\">\u00e9couter votre propre rythme<\/strong>, \u00e0 vous d\u00e9poser dans le mouvement et \u00e0 laisser \u00e9merger ce qui a besoin d\u2019\u00eatre v\u00e9cu.<\/p><p data-start=\"1745\" data-end=\"1929\">En danse-th\u00e9rapie, il ne s\u2019agit pas de performer, mais de <strong data-start=\"1803\" data-end=\"1829\">devenir pleinement soi<\/strong>.<\/p><p data-start=\"1745\" data-end=\"1929\"><br data-start=\"1830\" data-end=\"1833\" \/>\ud83e\udeb7 Un espace pour bouger, ressentir et grandir \u2014 un pas, une respiration, un rythme \u00e0 la fois.<\/p><p><!-- \/wp:paragraph --><\/p>\t\t\t\t\t\t\t\t<\/div>\n\t\t\t\t<div class=\"elementor-element elementor-element-8b4cb66 elementor-widget elementor-widget-gallery\" data-id=\"8b4cb66\" data-element_type=\"widget\" data-settings=\"{&quot;lazyload&quot;:&quot;yes&quot;,&quot;gallery_layout&quot;:&quot;grid&quot;,&quot;columns&quot;:4,&quot;columns_tablet&quot;:2,&quot;columns_mobile&quot;:1,&quot;gap&quot;:{&quot;unit&quot;:&quot;px&quot;,&quot;size&quot;:10,&quot;sizes&quot;:[]},&quot;gap_tablet&quot;:{&quot;unit&quot;:&quot;px&quot;,&quot;size&quot;:10,&quot;sizes&quot;:[]},&quot;gap_mobile&quot;:{&quot;unit&quot;:&quot;px&quot;,&quot;size&quot;:10,&quot;sizes&quot;:[]},&quot;link_to&quot;:&quot;file&quot;,&quot;aspect_ratio&quot;:&quot;3:2&quot;,&quot;overlay_background&quot;:&quot;yes&quot;,&quot;content_hover_animation&quot;:&quot;fade-in&quot;}\" data-widget_type=\"gallery.default\">\n\t\t\t\t\t\t\t<div class=\"elementor-gallery__container\">\n\t\t\t\t\t\t\t<a class=\"e-gallery-item elementor-gallery-item elementor-animated-content\" href=\"https:\/\/atyourpacepsy.com\/wp-content\/uploads\/2026\/01\/Locandina-fabivale-insta.jpeg\" data-elementor-open-lightbox=\"yes\" data-elementor-lightbox-slideshow=\"8b4cb66\" data-elementor-lightbox-title=\"Locandina fabi&amp;vale insta\" data-e-action-hash=\"#elementor-action%3Aaction%3Dlightbox%26settings%3DeyJpZCI6NTI1LCJ1cmwiOiJodHRwczpcL1wvYXR5b3VycGFjZXBzeS5jb21cL3dwLWNvbnRlbnRcL3VwbG9hZHNcLzIwMjZcLzAxXC9Mb2NhbmRpbmEtZmFiaXZhbGUtaW5zdGEuanBlZyIsInNsaWRlc2hvdyI6IjhiNGNiNjYifQ%3D%3D\">\n\t\t\t\t\t<div class=\"e-gallery-image elementor-gallery-item__image\" data-thumbnail=\"https:\/\/atyourpacepsy.com\/wp-content\/uploads\/2026\/01\/Locandina-fabivale-insta-212x300.jpeg\" data-width=\"212\" data-height=\"300\" aria-label=\"\" role=\"img\" ><\/div>\n\t\t\t\t\t\t\t\t\t\t\t<div class=\"elementor-gallery-item__overlay\"><\/div>\n\t\t\t\t\t\t\t\t\t\t\t\t\t\t<\/a>\n\t\t\t\t\t\t\t<a class=\"e-gallery-item elementor-gallery-item elementor-animated-content\" href=\"https:\/\/atyourpacepsy.com\/wp-content\/uploads\/2026\/01\/IMG_7986.jpeg\" data-elementor-open-lightbox=\"yes\" data-elementor-lightbox-slideshow=\"8b4cb66\" data-elementor-lightbox-title=\"IMG_7986\" data-e-action-hash=\"#elementor-action%3Aaction%3Dlightbox%26settings%3DeyJpZCI6NTI0LCJ1cmwiOiJodHRwczpcL1wvYXR5b3VycGFjZXBzeS5jb21cL3dwLWNvbnRlbnRcL3VwbG9hZHNcLzIwMjZcLzAxXC9JTUdfNzk4Ni5qcGVnIiwic2xpZGVzaG93IjoiOGI0Y2I2NiJ9\">\n\t\t\t\t\t<div class=\"e-gallery-image elementor-gallery-item__image\" data-thumbnail=\"https:\/\/atyourpacepsy.com\/wp-content\/uploads\/2026\/01\/IMG_7986-300x225.jpeg\" data-width=\"300\" data-height=\"225\" aria-label=\"\" role=\"img\" ><\/div>\n\t\t\t\t\t\t\t\t\t\t\t<div class=\"elementor-gallery-item__overlay\"><\/div>\n\t\t\t\t\t\t\t\t\t\t\t\t\t\t<\/a>\n\t\t\t\t\t\t\t<a class=\"e-gallery-item elementor-gallery-item elementor-animated-content\" href=\"https:\/\/atyourpacepsy.com\/wp-content\/uploads\/2026\/01\/IMG_2791-scaled.jpeg\" data-elementor-open-lightbox=\"yes\" data-elementor-lightbox-slideshow=\"8b4cb66\" data-elementor-lightbox-title=\"IMG_2791\" data-e-action-hash=\"#elementor-action%3Aaction%3Dlightbox%26settings%3DeyJpZCI6NTIzLCJ1cmwiOiJodHRwczpcL1wvYXR5b3VycGFjZXBzeS5jb21cL3dwLWNvbnRlbnRcL3VwbG9hZHNcLzIwMjZcLzAxXC9JTUdfMjc5MS1zY2FsZWQuanBlZyIsInNsaWRlc2hvdyI6IjhiNGNiNjYifQ%3D%3D\">\n\t\t\t\t\t<div class=\"e-gallery-image elementor-gallery-item__image\" data-thumbnail=\"https:\/\/atyourpacepsy.com\/wp-content\/uploads\/2026\/01\/IMG_2791-225x300.jpeg\" data-width=\"225\" data-height=\"300\" aria-label=\"\" role=\"img\" ><\/div>\n\t\t\t\t\t\t\t\t\t\t\t<div class=\"elementor-gallery-item__overlay\"><\/div>\n\t\t\t\t\t\t\t\t\t\t\t\t\t\t<\/a>\n\t\t\t\t\t\t\t<a class=\"e-gallery-item elementor-gallery-item elementor-animated-content\" href=\"https:\/\/atyourpacepsy.com\/wp-content\/uploads\/2026\/01\/IMG_2756-scaled.jpeg\" data-elementor-open-lightbox=\"yes\" data-elementor-lightbox-slideshow=\"8b4cb66\" data-elementor-lightbox-title=\"IMG_2756\" data-e-action-hash=\"#elementor-action%3Aaction%3Dlightbox%26settings%3DeyJpZCI6NTIyLCJ1cmwiOiJodHRwczpcL1wvYXR5b3VycGFjZXBzeS5jb21cL3dwLWNvbnRlbnRcL3VwbG9hZHNcLzIwMjZcLzAxXC9JTUdfMjc1Ni1zY2FsZWQuanBlZyIsInNsaWRlc2hvdyI6IjhiNGNiNjYifQ%3D%3D\">\n\t\t\t\t\t<div class=\"e-gallery-image elementor-gallery-item__image\" data-thumbnail=\"https:\/\/atyourpacepsy.com\/wp-content\/uploads\/2026\/01\/IMG_2756-300x225.jpeg\" data-width=\"300\" data-height=\"225\" aria-label=\"\" role=\"img\" ><\/div>\n\t\t\t\t\t\t\t\t\t\t\t<div class=\"elementor-gallery-item__overlay\"><\/div>\n\t\t\t\t\t\t\t\t\t\t\t\t\t\t<\/a>\n\t\t\t\t\t\t\t<a class=\"e-gallery-item elementor-gallery-item elementor-animated-content\" href=\"https:\/\/atyourpacepsy.com\/wp-content\/uploads\/2026\/01\/IMG_2473-scaled.jpeg\" data-elementor-open-lightbox=\"yes\" data-elementor-lightbox-slideshow=\"8b4cb66\" data-elementor-lightbox-title=\"IMG_2473\" data-e-action-hash=\"#elementor-action%3Aaction%3Dlightbox%26settings%3DeyJpZCI6NTIxLCJ1cmwiOiJodHRwczpcL1wvYXR5b3VycGFjZXBzeS5jb21cL3dwLWNvbnRlbnRcL3VwbG9hZHNcLzIwMjZcLzAxXC9JTUdfMjQ3My1zY2FsZWQuanBlZyIsInNsaWRlc2hvdyI6IjhiNGNiNjYifQ%3D%3D\">\n\t\t\t\t\t<div class=\"e-gallery-image elementor-gallery-item__image\" data-thumbnail=\"https:\/\/atyourpacepsy.com\/wp-content\/uploads\/2026\/01\/IMG_2473-300x225.jpeg\" data-width=\"300\" data-height=\"225\" aria-label=\"\" role=\"img\" ><\/div>\n\t\t\t\t\t\t\t\t\t\t\t<div class=\"elementor-gallery-item__overlay\"><\/div>\n\t\t\t\t\t\t\t\t\t\t\t\t\t\t<\/a>\n\t\t\t\t\t\t\t<a class=\"e-gallery-item elementor-gallery-item elementor-animated-content\" href=\"https:\/\/atyourpacepsy.com\/wp-content\/uploads\/2026\/01\/IMG_2430-scaled.jpeg\" data-elementor-open-lightbox=\"yes\" data-elementor-lightbox-slideshow=\"8b4cb66\" data-elementor-lightbox-title=\"IMG_2430\" data-e-action-hash=\"#elementor-action%3Aaction%3Dlightbox%26settings%3DeyJpZCI6NTIwLCJ1cmwiOiJodHRwczpcL1wvYXR5b3VycGFjZXBzeS5jb21cL3dwLWNvbnRlbnRcL3VwbG9hZHNcLzIwMjZcLzAxXC9JTUdfMjQzMC1zY2FsZWQuanBlZyIsInNsaWRlc2hvdyI6IjhiNGNiNjYifQ%3D%3D\">\n\t\t\t\t\t<div class=\"e-gallery-image elementor-gallery-item__image\" data-thumbnail=\"https:\/\/atyourpacepsy.com\/wp-content\/uploads\/2026\/01\/IMG_2430-300x225.jpeg\" data-width=\"300\" data-height=\"225\" aria-label=\"\" role=\"img\" ><\/div>\n\t\t\t\t\t\t\t\t\t\t\t<div class=\"elementor-gallery-item__overlay\"><\/div>\n\t\t\t\t\t\t\t\t\t\t\t\t\t\t<\/a>\n\t\t\t\t\t\t\t<a class=\"e-gallery-item elementor-gallery-item elementor-animated-content\" href=\"https:\/\/atyourpacepsy.com\/wp-content\/uploads\/2026\/01\/IMG_1818.jpg\" data-elementor-open-lightbox=\"yes\" data-elementor-lightbox-slideshow=\"8b4cb66\" data-elementor-lightbox-title=\"IMG_1818\" data-e-action-hash=\"#elementor-action%3Aaction%3Dlightbox%26settings%3DeyJpZCI6NTE5LCJ1cmwiOiJodHRwczpcL1wvYXR5b3VycGFjZXBzeS5jb21cL3dwLWNvbnRlbnRcL3VwbG9hZHNcLzIwMjZcLzAxXC9JTUdfMTgxOC5qcGciLCJzbGlkZXNob3ciOiI4YjRjYjY2In0%3D\">\n\t\t\t\t\t<div class=\"e-gallery-image elementor-gallery-item__image\" data-thumbnail=\"https:\/\/atyourpacepsy.com\/wp-content\/uploads\/2026\/01\/IMG_1818-300x225.jpg\" data-width=\"300\" data-height=\"225\" aria-label=\"\" role=\"img\" ><\/div>\n\t\t\t\t\t\t\t\t\t\t\t<div class=\"elementor-gallery-item__overlay\"><\/div>\n\t\t\t\t\t\t\t\t\t\t\t\t\t\t<\/a>\n\t\t\t\t\t\t\t<a class=\"e-gallery-item elementor-gallery-item elementor-animated-content\" href=\"https:\/\/atyourpacepsy.com\/wp-content\/uploads\/2026\/01\/A47B9512-6D97-40C4-B11A-11302D8A99CE_1_105_c.jpeg\" data-elementor-open-lightbox=\"yes\" data-elementor-lightbox-slideshow=\"8b4cb66\" data-elementor-lightbox-title=\"A47B9512-6D97-40C4-B11A-11302D8A99CE_1_105_c\" data-e-action-hash=\"#elementor-action%3Aaction%3Dlightbox%26settings%3DeyJpZCI6NTE4LCJ1cmwiOiJodHRwczpcL1wvYXR5b3VycGFjZXBzeS5jb21cL3dwLWNvbnRlbnRcL3VwbG9hZHNcLzIwMjZcLzAxXC9BNDdCOTUxMi02RDk3LTQwQzQtQjExQS0xMTMwMkQ4QTk5Q0VfMV8xMDVfYy5qcGVnIiwic2xpZGVzaG93IjoiOGI0Y2I2NiJ9\">\n\t\t\t\t\t<div class=\"e-gallery-image elementor-gallery-item__image\" data-thumbnail=\"https:\/\/atyourpacepsy.com\/wp-content\/uploads\/2026\/01\/A47B9512-6D97-40C4-B11A-11302D8A99CE_1_105_c-172x300.jpeg\" data-width=\"172\" data-height=\"300\" aria-label=\"\" role=\"img\" ><\/div>\n\t\t\t\t\t\t\t\t\t\t\t<div class=\"elementor-gallery-item__overlay\"><\/div>\n\t\t\t\t\t\t\t\t\t\t\t\t\t\t<\/a>\n\t\t\t\t\t\t\t<a class=\"e-gallery-item elementor-gallery-item elementor-animated-content\" href=\"https:\/\/atyourpacepsy.com\/wp-content\/uploads\/2026\/01\/3677E324-1748-4998-BD46-E478694F1E21_1_105_c.jpeg\" data-elementor-open-lightbox=\"yes\" data-elementor-lightbox-slideshow=\"8b4cb66\" data-elementor-lightbox-title=\"3677E324-1748-4998-BD46-E478694F1E21_1_105_c\" data-e-action-hash=\"#elementor-action%3Aaction%3Dlightbox%26settings%3DeyJpZCI6NTE3LCJ1cmwiOiJodHRwczpcL1wvYXR5b3VycGFjZXBzeS5jb21cL3dwLWNvbnRlbnRcL3VwbG9hZHNcLzIwMjZcLzAxXC8zNjc3RTMyNC0xNzQ4LTQ5OTgtQkQ0Ni1FNDc4Njk0RjFFMjFfMV8xMDVfYy5qcGVnIiwic2xpZGVzaG93IjoiOGI0Y2I2NiJ9\">\n\t\t\t\t\t<div class=\"e-gallery-image elementor-gallery-item__image\" data-thumbnail=\"https:\/\/atyourpacepsy.com\/wp-content\/uploads\/2026\/01\/3677E324-1748-4998-BD46-E478694F1E21_1_105_c-225x300.jpeg\" data-width=\"225\" data-height=\"300\" aria-label=\"\" role=\"img\" ><\/div>\n\t\t\t\t\t\t\t\t\t\t\t<div class=\"elementor-gallery-item__overlay\"><\/div>\n\t\t\t\t\t\t\t\t\t\t\t\t\t\t<\/a>\n\t\t\t\t\t\t\t<a class=\"e-gallery-item elementor-gallery-item elementor-animated-content\" href=\"https:\/\/atyourpacepsy.com\/wp-content\/uploads\/2026\/01\/9DFF884B-8794-4AB5-A48A-036278B2D2A3_1_105_c.jpeg\" data-elementor-open-lightbox=\"yes\" data-elementor-lightbox-slideshow=\"8b4cb66\" data-elementor-lightbox-title=\"9DFF884B-8794-4AB5-A48A-036278B2D2A3_1_105_c\" data-e-action-hash=\"#elementor-action%3Aaction%3Dlightbox%26settings%3DeyJpZCI6NTE2LCJ1cmwiOiJodHRwczpcL1wvYXR5b3VycGFjZXBzeS5jb21cL3dwLWNvbnRlbnRcL3VwbG9hZHNcLzIwMjZcLzAxXC85REZGODg0Qi04Nzk0LTRBQjUtQTQ4QS0wMzYyNzhCMkQyQTNfMV8xMDVfYy5qcGVnIiwic2xpZGVzaG93IjoiOGI0Y2I2NiJ9\">\n\t\t\t\t\t<div class=\"e-gallery-image elementor-gallery-item__image\" data-thumbnail=\"https:\/\/atyourpacepsy.com\/wp-content\/uploads\/2026\/01\/9DFF884B-8794-4AB5-A48A-036278B2D2A3_1_105_c-240x300.jpeg\" data-width=\"240\" data-height=\"300\" aria-label=\"\" role=\"img\" ><\/div>\n\t\t\t\t\t\t\t\t\t\t\t<div class=\"elementor-gallery-item__overlay\"><\/div>\n\t\t\t\t\t\t\t\t\t\t\t\t\t\t<\/a>\n\t\t\t\t\t\t\t<a class=\"e-gallery-item elementor-gallery-item elementor-animated-content\" href=\"https:\/\/atyourpacepsy.com\/wp-content\/uploads\/2026\/01\/9D8C26A1-DA2F-4E69-A73B-B747275B82B7_1_102_o.jpeg\" data-elementor-open-lightbox=\"yes\" data-elementor-lightbox-slideshow=\"8b4cb66\" data-elementor-lightbox-title=\"9D8C26A1-DA2F-4E69-A73B-B747275B82B7_1_102_o\" data-e-action-hash=\"#elementor-action%3Aaction%3Dlightbox%26settings%3DeyJpZCI6NTE1LCJ1cmwiOiJodHRwczpcL1wvYXR5b3VycGFjZXBzeS5jb21cL3dwLWNvbnRlbnRcL3VwbG9hZHNcLzIwMjZcLzAxXC85RDhDMjZBMS1EQTJGLTRFNjktQTczQi1CNzQ3Mjc1QjgyQjdfMV8xMDJfby5qcGVnIiwic2xpZGVzaG93IjoiOGI0Y2I2NiJ9\">\n\t\t\t\t\t<div class=\"e-gallery-image elementor-gallery-item__image\" data-thumbnail=\"https:\/\/atyourpacepsy.com\/wp-content\/uploads\/2026\/01\/9D8C26A1-DA2F-4E69-A73B-B747275B82B7_1_102_o-240x300.jpeg\" data-width=\"240\" data-height=\"300\" aria-label=\"\" role=\"img\" ><\/div>\n\t\t\t\t\t\t\t\t\t\t\t<div class=\"elementor-gallery-item__overlay\"><\/div>\n\t\t\t\t\t\t\t\t\t\t\t\t\t\t<\/a>\n\t\t\t\t\t\t\t<a class=\"e-gallery-item elementor-gallery-item elementor-animated-content\" href=\"https:\/\/atyourpacepsy.com\/wp-content\/uploads\/2026\/01\/7CDBA9C9-3A5B-44FD-9AE0-1F1017106578_1_105_c.jpeg\" data-elementor-open-lightbox=\"yes\" data-elementor-lightbox-slideshow=\"8b4cb66\" data-elementor-lightbox-title=\"7CDBA9C9-3A5B-44FD-9AE0-1F1017106578_1_105_c\" data-e-action-hash=\"#elementor-action%3Aaction%3Dlightbox%26settings%3DeyJpZCI6NTE0LCJ1cmwiOiJodHRwczpcL1wvYXR5b3VycGFjZXBzeS5jb21cL3dwLWNvbnRlbnRcL3VwbG9hZHNcLzIwMjZcLzAxXC83Q0RCQTlDOS0zQTVCLTQ0RkQtOUFFMC0xRjEwMTcxMDY1NzhfMV8xMDVfYy5qcGVnIiwic2xpZGVzaG93IjoiOGI0Y2I2NiJ9\">\n\t\t\t\t\t<div class=\"e-gallery-image elementor-gallery-item__image\" data-thumbnail=\"https:\/\/atyourpacepsy.com\/wp-content\/uploads\/2026\/01\/7CDBA9C9-3A5B-44FD-9AE0-1F1017106578_1_105_c-240x300.jpeg\" data-width=\"240\" data-height=\"300\" aria-label=\"\" role=\"img\" ><\/div>\n\t\t\t\t\t\t\t\t\t\t\t<div class=\"elementor-gallery-item__overlay\"><\/div>\n\t\t\t\t\t\t\t\t\t\t\t\t\t\t<\/a>\n\t\t\t\t\t\t\t<a class=\"e-gallery-item elementor-gallery-item elementor-animated-content\" href=\"https:\/\/atyourpacepsy.com\/wp-content\/uploads\/2026\/01\/4A221CD6-D743-494E-BAD4-F6EB00E02778_1_105_c.jpeg\" data-elementor-open-lightbox=\"yes\" data-elementor-lightbox-slideshow=\"8b4cb66\" data-elementor-lightbox-title=\"4A221CD6-D743-494E-BAD4-F6EB00E02778_1_105_c\" data-e-action-hash=\"#elementor-action%3Aaction%3Dlightbox%26settings%3DeyJpZCI6NTEzLCJ1cmwiOiJodHRwczpcL1wvYXR5b3VycGFjZXBzeS5jb21cL3dwLWNvbnRlbnRcL3VwbG9hZHNcLzIwMjZcLzAxXC80QTIyMUNENi1ENzQzLTQ5NEUtQkFENC1GNkVCMDBFMDI3NzhfMV8xMDVfYy5qcGVnIiwic2xpZGVzaG93IjoiOGI0Y2I2NiJ9\">\n\t\t\t\t\t<div class=\"e-gallery-image elementor-gallery-item__image\" data-thumbnail=\"https:\/\/atyourpacepsy.com\/wp-content\/uploads\/2026\/01\/4A221CD6-D743-494E-BAD4-F6EB00E02778_1_105_c-225x300.jpeg\" data-width=\"225\" data-height=\"300\" aria-label=\"\" role=\"img\" ><\/div>\n\t\t\t\t\t\t\t\t\t\t\t<div class=\"elementor-gallery-item__overlay\"><\/div>\n\t\t\t\t\t\t\t\t\t\t\t\t\t\t<\/a>\n\t\t\t\t\t<\/div>\n\t\t\t\t\t<\/div>\n\t\t\t\t\t<\/div>\n\t\t\t\t<\/div>\n\t\t\t\t<\/div>\n\t\t","protected":false},"excerpt":{"rendered":"<p>Danse-th\u00e9rapie La danse-th\u00e9rapie (Dance Movement Therapy) est une pratique qui relie corps, \u00e9motions et mouvement.Elle repose sur l\u2019id\u00e9e que le corps garde la m\u00e9moire de nos exp\u00e9riences \u2014 joies, peurs, souvenirs \u2014 et que le mouvement peut devenir un langage expressif et transformateur. Il ne s\u2019agit pas de \u201csavoir danser\u201d ou de performer, mais de [&hellip;]<\/p>\n","protected":false},"author":1,"featured_media":0,"parent":0,"menu_order":0,"comment_status":"closed","ping_status":"closed","template":"","meta":{"footnotes":""},"class_list":["post-20","page","type-page","status-publish","hentry"],"_links":{"self":[{"href":"https:\/\/atyourpacepsy.com\/index.php\/wp-json\/wp\/v2\/pages\/20","targetHints":{"allow":["GET"]}}],"collection":[{"href":"https:\/\/atyourpacepsy.com\/index.php\/wp-json\/wp\/v2\/pages"}],"about":[{"href":"https:\/\/atyourpacepsy.com\/index.php\/wp-json\/wp\/v2\/types\/page"}],"author":[{"embeddable":true,"href":"https:\/\/atyourpacepsy.com\/index.php\/wp-json\/wp\/v2\/users\/1"}],"replies":[{"embeddable":true,"href":"https:\/\/atyourpacepsy.com\/index.php\/wp-json\/wp\/v2\/comments?post=20"}],"version-history":[{"count":13,"href":"https:\/\/atyourpacepsy.com\/index.php\/wp-json\/wp\/v2\/pages\/20\/revisions"}],"predecessor-version":[{"id":528,"href":"https:\/\/atyourpacepsy.com\/index.php\/wp-json\/wp\/v2\/pages\/20\/revisions\/528"}],"wp:attachment":[{"href":"https:\/\/atyourpacepsy.com\/index.php\/wp-json\/wp\/v2\/media?parent=20"}],"curies":[{"name":"wp","href":"https:\/\/api.w.org\/{rel}","templated":true}]}}