{"id":26,"date":"2025-12-11T10:52:20","date_gmt":"2025-12-11T10:52:20","guid":{"rendered":"https:\/\/atyourpacepsy.com\/index.php\/accompagnement-psychologique\/"},"modified":"2026-01-06T11:14:35","modified_gmt":"2026-01-06T11:14:35","slug":"accompagnement-psychologique","status":"publish","type":"page","link":"https:\/\/atyourpacepsy.com\/index.php\/accompagnement-psychologique\/","title":{"rendered":"Accompagnement Psychologique"},"content":{"rendered":"\t\t<div data-elementor-type=\"wp-page\" data-elementor-id=\"26\" class=\"elementor elementor-26\" data-elementor-post-type=\"page\">\n\t\t\t\t<div class=\"elementor-element elementor-element-49d54169 e-flex e-con-boxed e-con e-parent\" data-id=\"49d54169\" data-element_type=\"container\" data-settings=\"{&quot;background_background&quot;:&quot;classic&quot;}\">\n\t\t\t\t\t<div class=\"e-con-inner\">\n\t\t\t\t<div class=\"elementor-element elementor-element-2bfbeeb4 elementor-widget elementor-widget-heading\" data-id=\"2bfbeeb4\" data-element_type=\"widget\" data-widget_type=\"heading.default\">\n\t\t\t\t\t<h2 class=\"elementor-heading-title elementor-size-default\">Accompagnement psychologique<\/h2>\t\t\t\t<\/div>\n\t\t\t\t<div class=\"elementor-element elementor-element-551b2888 elementor-widget elementor-widget-text-editor\" data-id=\"551b2888\" data-element_type=\"widget\" data-widget_type=\"text-editor.default\">\n\t\t\t\t\t\t\t\t\t<p data-start=\"371\" data-end=\"574\">Des s\u00e9ances individuelles pour accompagner <strong data-start=\"414\" data-end=\"443\">adultes et jeunes adultes<\/strong> dans la <strong data-start=\"452\" data-end=\"513\">gestion du stress, des \u00e9motions et des d\u00e9fis du quotidien<\/strong>, qu\u2019ils soient personnels, relationnels ou professionnels.<\/p><p data-start=\"576\" data-end=\"818\">Chaque accompagnement est <strong data-start=\"602\" data-end=\"627\">adapt\u00e9 \u00e0 votre rythme<\/strong> et \u00e0 vos besoins sp\u00e9cifiques. Ensemble, nous explorons ce qui se joue dans votre vie \u2014 pens\u00e9es, \u00e9motions, sensations corporelles \u2014 afin de retrouver <strong data-start=\"777\" data-end=\"815\">\u00e9quilibre, confiance et mieux-\u00eatre<\/strong>.<\/p><p data-start=\"820\" data-end=\"1119\">Mon approche int\u00e9grative combine la <strong data-start=\"856\" data-end=\"894\">psychologie du travail et clinique<\/strong>, la <strong data-start=\"899\" data-end=\"920\">pleine conscience<\/strong> et la <strong data-start=\"927\" data-end=\"945\">danse-th\u00e9rapie<\/strong>.<br data-start=\"946\" data-end=\"949\" \/>Elle s\u2019appuie sur l\u2019\u00e9coute active, la pr\u00e9sence et la compassion, pour vous aider \u00e0 comprendre vos sch\u00e9mas, apaiser les tensions et mobiliser vos ressources int\u00e9rieures.<\/p><p data-start=\"1121\" data-end=\"1325\">Les s\u00e9ances se d\u00e9roulent dans un <strong data-start=\"1154\" data-end=\"1205\">cadre bienveillant, confidentiel et non-jugeant<\/strong>, o\u00f9 vous pouvez vous exprimer librement et en s\u00e9curit\u00e9.<br data-start=\"1261\" data-end=\"1264\" \/>Selon vos pr\u00e9f\u00e9rences, les consultations peuvent se faire :<\/p><ul data-start=\"1326\" data-end=\"1459\"><li data-start=\"1326\" data-end=\"1362\"><p data-start=\"1328\" data-end=\"1362\"><strong data-start=\"1331\" data-end=\"1360\">En pr\u00e9sentiel \u00e0 Bruxelles<\/strong><\/p><\/li><li data-start=\"1363\" data-end=\"1416\"><p data-start=\"1365\" data-end=\"1416\"><strong data-start=\"1368\" data-end=\"1380\">En ligne<\/strong> (o\u00f9 que vous soyez dans le monde)<\/p><\/li><li data-start=\"1417\" data-end=\"1459\"><p data-start=\"1419\" data-end=\"1459\"><strong data-start=\"1422\" data-end=\"1457\">En fran\u00e7ais, anglais ou italien<\/strong><\/p><\/li><\/ul><p data-start=\"1461\" data-end=\"1655\">Chaque s\u00e9ance dure <strong data-start=\"1480\" data-end=\"1494\">50 minutes<\/strong>.<br \/>Le nombre de rencontres varie selon vos besoins : certaines personnes souhaitent un accompagnement ponctuel, d\u2019autres un suivi plus r\u00e9gulier dans la dur\u00e9e.<\/p><p data-start=\"1657\" data-end=\"1833\">L\u2019objectif n\u2019est pas de \u201cchanger\u201d qui vous \u00eates, mais de vous permettre de <strong data-start=\"1732\" data-end=\"1773\">vous sentir plus align\u00e9\u00b7e et apais\u00e9\u00b7e<\/strong>, plus libre dans vos choix et plus pr\u00e9sent\u00b7e \u00e0 vous-m\u00eame.<\/p><p><strong>Pour les expatri\u00e9\u00b7e\u00b7s<\/strong><br data-start=\"393\" data-end=\"396\" \/>Vous vivez \u00e0 l\u2019\u00e9tranger ou traversez une p\u00e9riode d\u2019adaptation culturelle\u202f? Les d\u00e9fis li\u00e9s \u00e0 l\u2019expatriation \u2014 isolement, stress, adaptation au nouveau contexte professionnel ou personnel \u2014 peuvent \u00eatre intenses.<br data-start=\"606\" data-end=\"609\" \/>Je propose un accompagnement <strong data-start=\"638\" data-end=\"659\">adapt\u00e9 aux expats<\/strong>, en <strong data-start=\"664\" data-end=\"705\">consultations en ligne ou \u00e0 Bruxelles<\/strong>, en fran\u00e7ais, anglais ou italien, pour vous aider \u00e0 retrouver \u00e9quilibre, confiance et bien-\u00eatre \u2014 \u00e0 votre rythme.<\/p><p>\u00a0<\/p><p data-start=\"1835\" data-end=\"1919\">Un espace d\u2019\u00e9coute, de mouvement et de respect \u2014 pour avancer, \u00e0 <strong data-start=\"1900\" data-end=\"1916\">votre rythme<\/strong>.<\/p>\t\t\t\t\t\t\t\t<\/div>\n\t\t\t\t\t<\/div>\n\t\t\t\t<\/div>\n\t\t<div class=\"elementor-element elementor-element-1004671c e-flex e-con-boxed e-con e-parent\" data-id=\"1004671c\" data-element_type=\"container\">\n\t\t\t\t\t<div class=\"e-con-inner\">\n\t\t\t\t\t<\/div>\n\t\t\t\t<\/div>\n\t\t\t\t<\/div>\n\t\t","protected":false},"excerpt":{"rendered":"<p>Accompagnement psychologique Des s\u00e9ances individuelles pour accompagner adultes et jeunes adultes dans la gestion du stress, des \u00e9motions et des d\u00e9fis du quotidien, qu\u2019ils soient personnels, relationnels ou professionnels. Chaque accompagnement est adapt\u00e9 \u00e0 votre rythme et \u00e0 vos besoins sp\u00e9cifiques. Ensemble, nous explorons ce qui se joue dans votre vie \u2014 pens\u00e9es, \u00e9motions, sensations [&hellip;]<\/p>\n","protected":false},"author":1,"featured_media":0,"parent":0,"menu_order":0,"comment_status":"closed","ping_status":"closed","template":"","meta":{"footnotes":""},"class_list":["post-26","page","type-page","status-publish","hentry"],"_links":{"self":[{"href":"https:\/\/atyourpacepsy.com\/index.php\/wp-json\/wp\/v2\/pages\/26","targetHints":{"allow":["GET"]}}],"collection":[{"href":"https:\/\/atyourpacepsy.com\/index.php\/wp-json\/wp\/v2\/pages"}],"about":[{"href":"https:\/\/atyourpacepsy.com\/index.php\/wp-json\/wp\/v2\/types\/page"}],"author":[{"embeddable":true,"href":"https:\/\/atyourpacepsy.com\/index.php\/wp-json\/wp\/v2\/users\/1"}],"replies":[{"embeddable":true,"href":"https:\/\/atyourpacepsy.com\/index.php\/wp-json\/wp\/v2\/comments?post=26"}],"version-history":[{"count":10,"href":"https:\/\/atyourpacepsy.com\/index.php\/wp-json\/wp\/v2\/pages\/26\/revisions"}],"predecessor-version":[{"id":445,"href":"https:\/\/atyourpacepsy.com\/index.php\/wp-json\/wp\/v2\/pages\/26\/revisions\/445"}],"wp:attachment":[{"href":"https:\/\/atyourpacepsy.com\/index.php\/wp-json\/wp\/v2\/media?parent=26"}],"curies":[{"name":"wp","href":"https:\/\/api.w.org\/{rel}","templated":true}]}}