{"id":35,"date":"2025-12-11T10:52:20","date_gmt":"2025-12-11T10:52:20","guid":{"rendered":"https:\/\/atyourpacepsy.com\/index.php\/a-propos\/"},"modified":"2026-01-25T16:35:55","modified_gmt":"2026-01-25T16:35:55","slug":"a-propos","status":"publish","type":"page","link":"https:\/\/atyourpacepsy.com\/index.php\/a-propos\/","title":{"rendered":"\u00c0 propos"},"content":{"rendered":"\t\t<div data-elementor-type=\"wp-page\" data-elementor-id=\"35\" class=\"elementor elementor-35\" data-elementor-post-type=\"page\">\n\t\t\t\t<div class=\"elementor-element elementor-element-31374790 e-flex e-con-boxed e-con e-parent\" data-id=\"31374790\" data-element_type=\"container\" data-settings=\"{&quot;background_background&quot;:&quot;classic&quot;}\">\n\t\t\t\t\t<div class=\"e-con-inner\">\n\t\t\t\t<div class=\"elementor-element elementor-element-1dbab9f6 elementor-widget elementor-widget-heading\" data-id=\"1dbab9f6\" data-element_type=\"widget\" data-widget_type=\"heading.default\">\n\t\t\t\t\t<h2 class=\"elementor-heading-title elementor-size-default\">Bienvenue chez at your pace<\/h2>\t\t\t\t<\/div>\n\t\t\t\t<div class=\"elementor-element elementor-element-6707352f elementor-widget elementor-widget-text-editor\" data-id=\"6707352f\" data-element_type=\"widget\" data-widget_type=\"text-editor.default\">\n\t\t\t\t\t\t\t\t\t<p data-start=\"245\" data-end=\"473\"><strong data-start=\"245\" data-end=\"288\">Psychologue italienne bas\u00e9e \u00e0 Bruxelles<\/strong>, je m\u2019appelle <strong data-start=\"303\" data-end=\"324\">Fabiana Del Prete<\/strong>. Depuis 2023, j\u2019accompagne la communaut\u00e9 des expatri\u00e9\u00b7e\u00b7s et toute personne en qu\u00eate d\u2019\u00e9quilibre, en <strong data-start=\"426\" data-end=\"472\">consultation en ligne dans le monde entier<\/strong>.<\/p>\n<p data-start=\"475\" data-end=\"832\">\u2728 <strong data-start=\"477\" data-end=\"549\">De la psychologie \u00e0 la danse, un m\u00eame fil conducteur : le bien-\u00eatre.<\/strong><br data-start=\"549\" data-end=\"552\" \/>Apr\u00e8s plus de sept ans dans le domaine des <strong data-start=\"595\" data-end=\"618\">ressources humaines<\/strong>, j\u2019ai quitt\u00e9 mon poste en 2023 pour suivre ma v\u00e9ritable vocation : <strong data-start=\"686\" data-end=\"733\">promouvoir la sant\u00e9 mentale et le bien-\u00eatre<\/strong>, en aidant chacun\u00b7e \u00e0 <strong data-start=\"756\" data-end=\"831\">se conna\u00eetre, s\u2019accepter et construire une vie align\u00e9e avec ses valeurs<\/strong>.<\/p>\n<p data-start=\"834\" data-end=\"1095\">Face au rythme effr\u00e9n\u00e9 du monde actuel, j\u2019ai cr\u00e9\u00e9 <strong data-start=\"884\" data-end=\"904\">at your pace psy<\/strong> \u2014 un <strong data-start=\"910\" data-end=\"950\">espace d\u2019\u00e9coute et de transformation<\/strong>, o\u00f9 chaque parcours est <strong data-start=\"975\" data-end=\"991\">personnalis\u00e9<\/strong> pour aider <strong data-start=\"1003\" data-end=\"1032\">adultes et jeunes adultes<\/strong> \u00e0 retrouver <strong data-start=\"1045\" data-end=\"1094\">\u00e9quilibre, confiance et ma\u00eetrise \u00e9motionnelle<\/strong>.<br \/>Beaucoup de personnes que j\u2019accompagne traversent ou sortent d\u2019un <strong data-start=\"1393\" data-end=\"1404\">burnout<\/strong>, une <strong data-start=\"1410\" data-end=\"1483\">fatigue profonde <\/strong>li\u00e9e \u00e0 la <strong>surcharge<\/strong>, au <strong>stress<\/strong> ou \u00e0 la <strong>perte de sens<\/strong>. Mon travail vise \u00e0 <strong data-start=\"1504\" data-end=\"1596\">reconnecter au corps, <\/strong>redonner du souffle et reconstruire des rep\u00e8res int\u00e9rieurs stables.<\/p>\n<p data-start=\"1097\" data-end=\"1318\">Mon <strong data-start=\"1101\" data-end=\"1125\">approche int\u00e9grative<\/strong> combine la <strong data-start=\"1137\" data-end=\"1160\">psychologie verbale<\/strong>, la <strong data-start=\"1165\" data-end=\"1183\">danse-th\u00e9rapie<\/strong> et la <strong data-start=\"1190\" data-end=\"1211\">pleine conscience<\/strong>, afin d\u2019accompagner chaque personne dans un <strong data-start=\"1256\" data-end=\"1317\">chemin de d\u00e9couverte de soi et de d\u00e9veloppement personnel<\/strong>.<\/p>\n<p data-start=\"1320\" data-end=\"1504\">Je propose des <strong data-start=\"1335\" data-end=\"1360\">s\u00e9ances individuelles<\/strong> et des <strong data-start=\"1368\" data-end=\"1390\">ateliers de groupe<\/strong>, toujours <strong data-start=\"1401\" data-end=\"1444\">adapt\u00e9s \u00e0 votre rythme et \u00e0 vos besoins<\/strong>, dans un <strong data-start=\"1454\" data-end=\"1503\">cadre bienveillant, s\u00e9curisant et respectueux<\/strong>.<\/p>\n<p data-start=\"1506\" data-end=\"1605\">\ud83c\udf3f <strong data-start=\"1509\" data-end=\"1549\">Chaque parcours est un voyage unique<\/strong> \u2014 vers plus d\u2019<strong data-start=\"1564\" data-end=\"1604\">harmonie, de pr\u00e9sence et de s\u00e9r\u00e9nit\u00e9<\/strong>.<\/p>\n<p><!-- \/wp:paragraph --><!-- wp:separator \/--><!-- wp:paragraph --><\/p>\n<p><!-- \/wp:paragraph --><\/p>\t\t\t\t\t\t\t\t<\/div>\n\t\t\t\t<div class=\"elementor-element elementor-element-7c8169b9 elementor-widget elementor-widget-image\" data-id=\"7c8169b9\" data-element_type=\"widget\" data-widget_type=\"image.default\">\n\t\t\t\t\t\t\t\t\t\t\t\t\t\t\t<img fetchpriority=\"high\" decoding=\"async\" width=\"724\" height=\"1024\" src=\"https:\/\/atyourpacepsy.com\/wp-content\/uploads\/2025\/12\/Abbraccio-1-724x1024.png\" class=\"attachment-large size-large wp-image-36\" alt=\"\" srcset=\"https:\/\/atyourpacepsy.com\/wp-content\/uploads\/2025\/12\/Abbraccio-1-724x1024.png 724w, https:\/\/atyourpacepsy.com\/wp-content\/uploads\/2025\/12\/Abbraccio-1-212x300.png 212w, https:\/\/atyourpacepsy.com\/wp-content\/uploads\/2025\/12\/Abbraccio-1.png 768w\" sizes=\"(max-width: 724px) 100vw, 724px\" \/>\t\t\t\t\t\t\t\t\t\t\t\t\t\t\t<\/div>\n\t\t\t\t<div class=\"elementor-element elementor-element-32b0174 elementor-widget elementor-widget-heading\" data-id=\"32b0174\" data-element_type=\"widget\" data-widget_type=\"heading.default\">\n\t\t\t\t\t<h2 class=\"elementor-heading-title elementor-size-default\">Mon approche<\/h2>\t\t\t\t<\/div>\n\t\t\t\t<div class=\"elementor-element elementor-element-3ef3a510 elementor-widget elementor-widget-text-editor\" data-id=\"3ef3a510\" data-element_type=\"widget\" data-widget_type=\"text-editor.default\">\n\t\t\t\t\t\t\t\t\t<p data-start=\"231\" data-end=\"330\"><strong data-start=\"231\" data-end=\"330\">Une approche qui relie le mental, le corps et l\u2019\u00e9motion \u2014 dans un m\u00eame mouvement de conscience.<\/strong><\/p><p data-start=\"332\" data-end=\"710\">Je suis <strong data-start=\"340\" data-end=\"366\">psychologue du travail<\/strong>, form\u00e9e \u00e0 une <strong data-start=\"381\" data-end=\"418\">approche int\u00e9grative et humaniste<\/strong>.<br data-start=\"419\" data-end=\"422\" \/>Mon exp\u00e9rience s\u2019est construite \u00e0 travers des contextes vari\u00e9s : <strong data-start=\"487\" data-end=\"567\">institutions, associations, accompagnement individuel et ateliers collectifs<\/strong>.<br data-start=\"568\" data-end=\"571\" \/>Ces exp\u00e9riences m\u2019ont appris \u00e0 <strong data-start=\"602\" data-end=\"630\">\u00e9couter au-del\u00e0 des mots<\/strong> \u2014 \u00e0 percevoir <strong data-start=\"645\" data-end=\"690\">le rythme, le mouvement et la respiration<\/strong> de chaque histoire.<\/p><p data-start=\"712\" data-end=\"943\">Mon approche repose sur <strong data-start=\"736\" data-end=\"785\">l\u2019\u00e9coute active, la pr\u00e9sence et la compassion<\/strong>.<br data-start=\"786\" data-end=\"789\" \/>Je crois que <strong data-start=\"802\" data-end=\"854\">chacun\u00b7e porte en soi les ressources n\u00e9cessaires<\/strong> pour avancer ; parfois, il suffit simplement <strong data-start=\"900\" data-end=\"940\">d\u2019un espace s\u00fbr pour les red\u00e9couvrir<\/strong>.<\/p><p data-start=\"945\" data-end=\"1361\">J\u2019int\u00e8gre dans mon travail <strong data-start=\"972\" data-end=\"1019\">les dimensions corporelles et \u00e9motionnelles<\/strong>, car <strong data-start=\"1025\" data-end=\"1069\">le corps parle l\u00e0 o\u00f9 les mots s\u2019arr\u00eatent<\/strong>.<br data-start=\"1070\" data-end=\"1073\" \/>Actuellement en <strong data-start=\"1089\" data-end=\"1107\">formation EMDR<\/strong>, je travaille avec la conscience que <strong data-start=\"1145\" data-end=\"1214\">le corps garde la trace de nos exp\u00e9riences et de nos traumatismes<\/strong>.<br data-start=\"1215\" data-end=\"1218\" \/>Cette approche permet <strong data-start=\"1240\" data-end=\"1280\">d\u2019accueillir les \u00e9motions difficiles<\/strong> tout en respectant <strong data-start=\"1300\" data-end=\"1341\">le rythme, la s\u00e9curit\u00e9 et l\u2019int\u00e9grit\u00e9<\/strong> de chaque personne.<\/p>\t\t\t\t\t\t\t\t<\/div>\n\t\t\t\t\t<\/div>\n\t\t\t\t<\/div>\n\t\t<div class=\"elementor-element elementor-element-0e8f59e e-flex e-con-boxed e-con e-parent\" data-id=\"0e8f59e\" data-element_type=\"container\">\n\t\t\t\t\t<div class=\"e-con-inner\">\n\t\t\t\t\t<\/div>\n\t\t\t\t<\/div>\n\t\t<div class=\"elementor-element elementor-element-ae37e08 e-flex e-con-boxed e-con e-parent\" data-id=\"ae37e08\" data-element_type=\"container\">\n\t\t\t\t\t<div class=\"e-con-inner\">\n\t\t\t\t<div class=\"elementor-element elementor-element-d571ca7 elementor-widget elementor-widget-text-editor\" data-id=\"d571ca7\" data-element_type=\"widget\" data-widget_type=\"text-editor.default\">\n\t\t\t\t\t\t\t\t\t<p>MES VALEURS<\/p>\t\t\t\t\t\t\t\t<\/div>\n\t\t\t\t<div class=\"elementor-element elementor-element-4c3760e elementor-widget__width-initial elementor--h-position-center elementor--v-position-middle elementor-arrows-position-inside elementor-pagination-position-inside elementor-widget elementor-widget-slides\" data-id=\"4c3760e\" data-element_type=\"widget\" data-settings=\"{&quot;navigation&quot;:&quot;both&quot;,&quot;autoplay&quot;:&quot;yes&quot;,&quot;pause_on_hover&quot;:&quot;yes&quot;,&quot;pause_on_interaction&quot;:&quot;yes&quot;,&quot;autoplay_speed&quot;:5000,&quot;infinite&quot;:&quot;yes&quot;,&quot;transition&quot;:&quot;slide&quot;,&quot;transition_speed&quot;:500}\" data-widget_type=\"slides.default\">\n\t\t\t\t\t\t\t\t\t\t<div class=\"elementor-slides-wrapper elementor-main-swiper swiper\" role=\"region\" aria-roledescription=\"carousel\" aria-label=\"Slides\" dir=\"ltr\" data-animation=\"fadeInUp\">\n\t\t\t\t<div class=\"swiper-wrapper elementor-slides\">\n\t\t\t\t\t\t\t\t\t\t<div class=\"elementor-repeater-item-7bddef3 swiper-slide\" role=\"group\" aria-roledescription=\"slide\"><div class=\"swiper-slide-bg\"><\/div><div class=\"swiper-slide-inner\" ><div class=\"swiper-slide-contents\"><div class=\"elementor-slide-heading\">\u00c0 votre rythme<\/div><div class=\"elementor-slide-description\">Chaque personne avance selon son tempo \u2014 je respecte votre rythme unique.<\/div><\/div><\/div><\/div><div class=\"elementor-repeater-item-008c286 swiper-slide\" role=\"group\" aria-roledescription=\"slide\"><div class=\"swiper-slide-bg\"><\/div><div class=\"swiper-slide-inner\" ><div class=\"swiper-slide-contents\"><div class=\"elementor-slide-heading\">Bienveillance et \u00e9coute<\/div><div class=\"elementor-slide-description\">Un espace s\u00fbr pour \u00eatre entendu\u00b7e et accompagn\u00e9\u00b7e avec compassion.\n<\/div><\/div><\/div><\/div><div class=\"elementor-repeater-item-3d28208 swiper-slide\" role=\"group\" aria-roledescription=\"slide\"><div class=\"swiper-slide-bg\"><\/div><div class=\"swiper-slide-inner\" ><div class=\"swiper-slide-contents\"><div class=\"elementor-slide-heading\">Corps et esprit<\/div><div class=\"elementor-slide-description\">Explorer la connexion entre \u00e9motions, corps et mouvement pour un mieux-\u00eatre complet.\n<\/div><\/div><\/div><\/div><div class=\"elementor-repeater-item-d194fbd swiper-slide\" role=\"group\" aria-roledescription=\"slide\"><div class=\"swiper-slide-bg\"><\/div><div class=\"swiper-slide-inner\" ><div class=\"swiper-slide-contents\"><div class=\"elementor-slide-heading\">Croissance et autonomie<\/div><div class=\"elementor-slide-description\">Soutenir votre d\u00e9veloppement personnel et professionnel, pour avancer en confiance.\n<\/div><div  class=\"elementor-button elementor-slide-button elementor-size-sm\">   <\/div><\/div><\/div><\/div>\t\t\t\t<\/div>\n\t\t\t\t\t\t\t\t\t\t\t\t\t\t\t<div class=\"elementor-swiper-button elementor-swiper-button-prev\" role=\"button\" tabindex=\"0\" aria-label=\"Diapositive pr\u00e9c\u00e9dente\">\n\t\t\t\t\t\t\t<svg aria-hidden=\"true\" class=\"e-font-icon-svg e-eicon-chevron-left\" viewBox=\"0 0 1000 1000\" xmlns=\"http:\/\/www.w3.org\/2000\/svg\"><path d=\"M646 125C629 125 613 133 604 142L308 442C296 454 292 471 292 487 292 504 296 521 308 533L604 854C617 867 629 875 646 875 663 875 679 871 692 858 704 846 713 829 713 812 713 796 708 779 692 767L438 487 692 225C700 217 708 204 708 187 708 171 704 154 692 142 675 129 663 125 646 125Z\"><\/path><\/svg>\t\t\t\t\t\t<\/div>\n\t\t\t\t\t\t<div class=\"elementor-swiper-button elementor-swiper-button-next\" role=\"button\" tabindex=\"0\" aria-label=\"Diapositive suivante\">\n\t\t\t\t\t\t\t<svg aria-hidden=\"true\" class=\"e-font-icon-svg e-eicon-chevron-right\" viewBox=\"0 0 1000 1000\" xmlns=\"http:\/\/www.w3.org\/2000\/svg\"><path d=\"M696 533C708 521 713 504 713 487 713 471 708 454 696 446L400 146C388 133 375 125 354 125 338 125 325 129 313 142 300 154 292 171 292 187 292 204 296 221 308 233L563 492 304 771C292 783 288 800 288 817 288 833 296 850 308 863 321 871 338 875 354 875 371 875 388 867 400 854L696 533Z\"><\/path><\/svg>\t\t\t\t\t\t<\/div>\n\t\t\t\t\t\t\t\t\t\t\t\t\t\t\t\t<div class=\"swiper-pagination\"><\/div>\n\t\t\t\t\t\t\t\t\t\t\t\t<\/div>\n\t\t\t\t\t\t\t\t<\/div>\n\t\t\t\t\t<\/div>\n\t\t\t\t<\/div>\n\t\t\t\t<\/div>\n\t\t","protected":false},"excerpt":{"rendered":"<p>Bienvenue chez at your pace Psychologue italienne bas\u00e9e \u00e0 Bruxelles, je m\u2019appelle Fabiana Del Prete. Depuis 2023, j\u2019accompagne la communaut\u00e9 des expatri\u00e9\u00b7e\u00b7s et toute personne en qu\u00eate d\u2019\u00e9quilibre, en consultation en ligne dans le monde entier. \u2728 De la psychologie \u00e0 la danse, un m\u00eame fil conducteur : le bien-\u00eatre.Apr\u00e8s plus de sept ans dans [&hellip;]<\/p>\n","protected":false},"author":1,"featured_media":0,"parent":0,"menu_order":0,"comment_status":"closed","ping_status":"closed","template":"","meta":{"footnotes":""},"class_list":["post-35","page","type-page","status-publish","hentry"],"_links":{"self":[{"href":"https:\/\/atyourpacepsy.com\/index.php\/wp-json\/wp\/v2\/pages\/35","targetHints":{"allow":["GET"]}}],"collection":[{"href":"https:\/\/atyourpacepsy.com\/index.php\/wp-json\/wp\/v2\/pages"}],"about":[{"href":"https:\/\/atyourpacepsy.com\/index.php\/wp-json\/wp\/v2\/types\/page"}],"author":[{"embeddable":true,"href":"https:\/\/atyourpacepsy.com\/index.php\/wp-json\/wp\/v2\/users\/1"}],"replies":[{"embeddable":true,"href":"https:\/\/atyourpacepsy.com\/index.php\/wp-json\/wp\/v2\/comments?post=35"}],"version-history":[{"count":46,"href":"https:\/\/atyourpacepsy.com\/index.php\/wp-json\/wp\/v2\/pages\/35\/revisions"}],"predecessor-version":[{"id":480,"href":"https:\/\/atyourpacepsy.com\/index.php\/wp-json\/wp\/v2\/pages\/35\/revisions\/480"}],"wp:attachment":[{"href":"https:\/\/atyourpacepsy.com\/index.php\/wp-json\/wp\/v2\/media?parent=35"}],"curies":[{"name":"wp","href":"https:\/\/api.w.org\/{rel}","templated":true}]}}